{"id":27420,"date":"2023-08-24T00:32:49","date_gmt":"2023-08-24T05:32:49","guid":{"rendered":"https:\/\/adamcol.co\/web\/?page_id=27420"},"modified":"2025-02-03T19:01:48","modified_gmt":"2025-02-04T00:01:48","slug":"landing-redes-y-servidores","status":"publish","type":"page","link":"https:\/\/adamcol.co\/web\/?page_id=27420","title":{"rendered":"landing-Redes-y-servidores"},"content":{"rendered":"\t\t<div data-elementor-type=\"wp-page\" data-elementor-id=\"27420\" class=\"elementor elementor-27420\" data-elementor-post-type=\"page\">\n\t\t\t\t\t\t<section class=\"elementor-section elementor-top-section elementor-element elementor-element-7e5789c elementor-section-full_width elementor-section-height-min-height elementor-section-content-middle elementor-section-height-default elementor-section-items-middle\" data-id=\"7e5789c\" data-element_type=\"section\" data-e-type=\"section\" data-settings=\"{&quot;background_background&quot;:&quot;classic&quot;}\">\n\t\t\t\t\t\t\t<div class=\"elementor-background-overlay\"><\/div>\n\t\t\t\t\t\t\t<div class=\"elementor-container elementor-column-gap-default\">\n\t\t\t\t\t<div class=\"elementor-column elementor-col-100 elementor-top-column elementor-element elementor-element-319fae0\" data-id=\"319fae0\" data-element_type=\"column\" data-e-type=\"column\">\n\t\t\t<div class=\"elementor-widget-wrap elementor-element-populated\">\n\t\t\t\t\t\t<div class=\"elementor-element elementor-element-7c86a35 elementor-widget elementor-widget-heading\" data-id=\"7c86a35\" data-element_type=\"widget\" data-e-type=\"widget\" data-widget_type=\"heading.default\">\n\t\t\t\t<div class=\"elementor-widget-container\">\n\t\t\t\t\t<h1 class=\"elementor-heading-title elementor-size-default\">Redes e Infraestructura <br><span style=\"color:#FFFFFF\">Conectividad S\u00f3lida<\/span><\/h1>\t\t\t\t<\/div>\n\t\t\t\t<\/div>\n\t\t\t\t<div class=\"elementor-element elementor-element-2fa666d elementor-align-left elementor-mobile-align-center elementor-widget elementor-widget-button\" data-id=\"2fa666d\" data-element_type=\"widget\" data-e-type=\"widget\" data-widget_type=\"button.default\">\n\t\t\t\t<div class=\"elementor-widget-container\">\n\t\t\t\t\t\t\t\t\t<div class=\"elementor-button-wrapper\">\n\t\t\t\t\t<a class=\"elementor-button elementor-button-link elementor-size-sm elementor-animation-grow\" href=\"https:\/\/wa.link\/ui68hp\">\n\t\t\t\t\t\t<span class=\"elementor-button-content-wrapper\">\n\t\t\t\t\t\t\t\t\t<span class=\"elementor-button-text\">M\u00e1s  Informaci\u00f3n<\/span>\n\t\t\t\t\t<\/span>\n\t\t\t\t\t<\/a>\n\t\t\t\t<\/div>\n\t\t\t\t\t\t\t\t<\/div>\n\t\t\t\t<\/div>\n\t\t\t\t\t<\/div>\n\t\t<\/div>\n\t\t\t\t\t<\/div>\n\t\t<\/section>\n\t\t\t\t<section class=\"elementor-section elementor-top-section elementor-element elementor-element-0c89210 elementor-section-height-min-height elementor-section-boxed elementor-section-height-default elementor-section-items-middle\" data-id=\"0c89210\" data-element_type=\"section\" data-e-type=\"section\">\n\t\t\t\t\t\t<div class=\"elementor-container elementor-column-gap-default\">\n\t\t\t\t\t<div class=\"elementor-column elementor-col-100 elementor-top-column elementor-element elementor-element-9ce8e07\" data-id=\"9ce8e07\" data-element_type=\"column\" data-e-type=\"column\" data-settings=\"{&quot;background_background&quot;:&quot;classic&quot;}\">\n\t\t\t<div class=\"elementor-widget-wrap elementor-element-populated\">\n\t\t\t\t\t\t<div class=\"elementor-element elementor-element-b04c5c4 elementor-widget elementor-widget-heading\" data-id=\"b04c5c4\" data-element_type=\"widget\" data-e-type=\"widget\" data-widget_type=\"heading.default\">\n\t\t\t\t<div class=\"elementor-widget-container\">\n\t\t\t\t\t<h2 class=\"elementor-heading-title elementor-size-default\">Adamcol ajusta sus requerimientos de proyecci\u00f3n.\n\n\n\n\n\n<\/h2>\t\t\t\t<\/div>\n\t\t\t\t<\/div>\n\t\t\t\t\t<\/div>\n\t\t<\/div>\n\t\t\t\t\t<\/div>\n\t\t<\/section>\n\t\t\t\t<section class=\"elementor-section elementor-top-section elementor-element elementor-element-7578851 elementor-reverse-tablet elementor-reverse-mobile elementor-section-boxed elementor-section-height-default elementor-section-height-default\" data-id=\"7578851\" data-element_type=\"section\" data-e-type=\"section\">\n\t\t\t\t\t\t<div class=\"elementor-container elementor-column-gap-default\">\n\t\t\t\t\t<div class=\"elementor-column elementor-col-50 elementor-top-column elementor-element elementor-element-a3ab533\" data-id=\"a3ab533\" data-element_type=\"column\" data-e-type=\"column\">\n\t\t\t<div class=\"elementor-widget-wrap elementor-element-populated\">\n\t\t\t\t\t\t<div class=\"elementor-element elementor-element-a3c93e4 animated-slow elementor-widget__width-initial elementor-invisible elementor-widget elementor-widget-heading\" data-id=\"a3c93e4\" data-element_type=\"widget\" data-e-type=\"widget\" data-settings=\"{&quot;_animation&quot;:&quot;fadeInUp&quot;}\" data-widget_type=\"heading.default\">\n\t\t\t\t<div class=\"elementor-widget-container\">\n\t\t\t\t\t<h4 class=\"elementor-heading-title elementor-size-default\">Redes LAN<\/h4>\t\t\t\t<\/div>\n\t\t\t\t<\/div>\n\t\t\t\t<div class=\"elementor-element elementor-element-150595c elementor-widget elementor-widget-heading\" data-id=\"150595c\" data-element_type=\"widget\" data-e-type=\"widget\" data-widget_type=\"heading.default\">\n\t\t\t\t<div class=\"elementor-widget-container\">\n\t\t\t\t\t<h4 class=\"elementor-heading-title elementor-size-small\"> Infraestructura confiable y de alta velocidad para conectar dispositivos en entornos empresariales o dom\u00e9sticos con m\u00e1xima eficiencia.<\/h4>\t\t\t\t<\/div>\n\t\t\t\t<\/div>\n\t\t\t\t<div class=\"elementor-element elementor-element-ae3c663 animated-slow elementor-invisible elementor-widget elementor-widget-heading\" data-id=\"ae3c663\" data-element_type=\"widget\" data-e-type=\"widget\" data-settings=\"{&quot;_animation&quot;:&quot;fadeInUp&quot;}\" data-widget_type=\"heading.default\">\n\t\t\t\t<div class=\"elementor-widget-container\">\n\t\t\t\t\t<h4 class=\"elementor-heading-title elementor-size-default\">WiFi y Radioenlaces<\/h4>\t\t\t\t<\/div>\n\t\t\t\t<\/div>\n\t\t\t\t<div class=\"elementor-element elementor-element-975cce5 elementor-widget elementor-widget-heading\" data-id=\"975cce5\" data-element_type=\"widget\" data-e-type=\"widget\" data-widget_type=\"heading.default\">\n\t\t\t\t<div class=\"elementor-widget-container\">\n\t\t\t\t\t<h4 class=\"elementor-heading-title elementor-size-small\">Tecnolog\u00eda inal\u00e1mbrica avanzada para conexiones estables y de largo alcance, ideal para empresas, hogares y zonas remotas.<\/h4>\t\t\t\t<\/div>\n\t\t\t\t<\/div>\n\t\t\t\t<div class=\"elementor-element elementor-element-7d1904f animated-slow elementor-invisible elementor-widget elementor-widget-heading\" data-id=\"7d1904f\" data-element_type=\"widget\" data-e-type=\"widget\" data-settings=\"{&quot;_animation&quot;:&quot;fadeInUp&quot;}\" data-widget_type=\"heading.default\">\n\t\t\t\t<div class=\"elementor-widget-container\">\n\t\t\t\t\t<h4 class=\"elementor-heading-title elementor-size-default\">Home Office<\/h4>\t\t\t\t<\/div>\n\t\t\t\t<\/div>\n\t\t\t\t<div class=\"elementor-element elementor-element-26a2b44 elementor-widget elementor-widget-heading\" data-id=\"26a2b44\" data-element_type=\"widget\" data-e-type=\"widget\" data-widget_type=\"heading.default\">\n\t\t\t\t<div class=\"elementor-widget-container\">\n\t\t\t\t\t<h4 class=\"elementor-heading-title elementor-size-small\">Soluciones de red dise\u00f1adas para el trabajo remoto, garantizando conectividad segura, r\u00e1pida y eficiente desde la comodidad de tu hogar.<\/h4>\t\t\t\t<\/div>\n\t\t\t\t<\/div>\n\t\t\t\t<div class=\"elementor-element elementor-element-ea98bd6 elementor-align-left elementor-mobile-align-center elementor-widget elementor-widget-button\" data-id=\"ea98bd6\" data-element_type=\"widget\" data-e-type=\"widget\" data-widget_type=\"button.default\">\n\t\t\t\t<div class=\"elementor-widget-container\">\n\t\t\t\t\t\t\t\t\t<div class=\"elementor-button-wrapper\">\n\t\t\t\t\t<a class=\"elementor-button elementor-button-link elementor-size-sm elementor-animation-grow\" href=\"https:\/\/wa.link\/ui68hp\">\n\t\t\t\t\t\t<span class=\"elementor-button-content-wrapper\">\n\t\t\t\t\t\t\t\t\t<span class=\"elementor-button-text\">Cont\u00e1ctanos<\/span>\n\t\t\t\t\t<\/span>\n\t\t\t\t\t<\/a>\n\t\t\t\t<\/div>\n\t\t\t\t\t\t\t\t<\/div>\n\t\t\t\t<\/div>\n\t\t\t\t\t<\/div>\n\t\t<\/div>\n\t\t\t\t<div class=\"elementor-column elementor-col-50 elementor-top-column elementor-element elementor-element-f334dc7\" data-id=\"f334dc7\" data-element_type=\"column\" data-e-type=\"column\">\n\t\t\t<div class=\"elementor-widget-wrap elementor-element-populated\">\n\t\t\t\t\t\t<div class=\"elementor-element elementor-element-48b758a elementor-widget__width-auto elementor-widget elementor-widget-image\" data-id=\"48b758a\" data-element_type=\"widget\" data-e-type=\"widget\" data-widget_type=\"image.default\">\n\t\t\t\t<div class=\"elementor-widget-container\">\n\t\t\t\t\t\t\t\t\t\t\t\t\t\t\t<img fetchpriority=\"high\" decoding=\"async\" width=\"2000\" height=\"1335\" src=\"https:\/\/adamcol.co\/web\/wp-content\/uploads\/2025\/01\/young-man-in-uniform-works-with-internet-equipment-and-wires-in-server-room.jpg\" class=\"elementor-animation-float attachment-full size-full wp-image-28737\" alt=\"Young man in uniform works with internet equipment and wires in server room\" srcset=\"https:\/\/adamcol.co\/web\/wp-content\/uploads\/2025\/01\/young-man-in-uniform-works-with-internet-equipment-and-wires-in-server-room.jpg 2000w, https:\/\/adamcol.co\/web\/wp-content\/uploads\/2025\/01\/young-man-in-uniform-works-with-internet-equipment-and-wires-in-server-room-300x200.jpg 300w, https:\/\/adamcol.co\/web\/wp-content\/uploads\/2025\/01\/young-man-in-uniform-works-with-internet-equipment-and-wires-in-server-room-1024x684.jpg 1024w, https:\/\/adamcol.co\/web\/wp-content\/uploads\/2025\/01\/young-man-in-uniform-works-with-internet-equipment-and-wires-in-server-room-768x513.jpg 768w, https:\/\/adamcol.co\/web\/wp-content\/uploads\/2025\/01\/young-man-in-uniform-works-with-internet-equipment-and-wires-in-server-room-1536x1025.jpg 1536w, https:\/\/adamcol.co\/web\/wp-content\/uploads\/2025\/01\/young-man-in-uniform-works-with-internet-equipment-and-wires-in-server-room-600x401.jpg 600w\" sizes=\"(max-width: 2000px) 100vw, 2000px\" \/>\t\t\t\t\t\t\t\t\t\t\t\t\t\t\t<\/div>\n\t\t\t\t<\/div>\n\t\t\t\t\t<\/div>\n\t\t<\/div>\n\t\t\t\t\t<\/div>\n\t\t<\/section>\n\t\t\t\t<section class=\"elementor-section elementor-top-section elementor-element elementor-element-3726acc elementor-section-height-min-height elementor-section-content-middle elementor-section-full_width elementor-section-height-default elementor-section-items-middle\" data-id=\"3726acc\" data-element_type=\"section\" data-e-type=\"section\" data-settings=\"{&quot;background_background&quot;:&quot;classic&quot;}\">\n\t\t\t\t\t\t<div class=\"elementor-container elementor-column-gap-default\">\n\t\t\t\t\t<div class=\"elementor-column elementor-col-100 elementor-top-column elementor-element elementor-element-c508ec5\" data-id=\"c508ec5\" data-element_type=\"column\" data-e-type=\"column\">\n\t\t\t<div class=\"elementor-widget-wrap elementor-element-populated\">\n\t\t\t\t\t\t<section class=\"elementor-section elementor-inner-section elementor-element elementor-element-508aef4 elementor-section-boxed elementor-section-height-default elementor-section-height-default\" data-id=\"508aef4\" data-element_type=\"section\" data-e-type=\"section\">\n\t\t\t\t\t\t<div class=\"elementor-container elementor-column-gap-default\">\n\t\t\t\t\t<div class=\"elementor-column elementor-col-100 elementor-inner-column elementor-element elementor-element-453a73a\" data-id=\"453a73a\" data-element_type=\"column\" data-e-type=\"column\">\n\t\t\t<div class=\"elementor-widget-wrap elementor-element-populated\">\n\t\t\t\t\t\t<div class=\"elementor-element elementor-element-d12eff8 elementor-widget elementor-widget-heading\" data-id=\"d12eff8\" data-element_type=\"widget\" data-e-type=\"widget\" data-widget_type=\"heading.default\">\n\t\t\t\t<div class=\"elementor-widget-container\">\n\t\t\t\t\t<h1 class=\"elementor-heading-title elementor-size-default\">Ent\u00e9rate de las \u00faltimas <br> <span style=\"color:#00B2E3\">noticias en tecnolog\u00eda<\/span><\/h1>\t\t\t\t<\/div>\n\t\t\t\t<\/div>\n\t\t\t\t\t<\/div>\n\t\t<\/div>\n\t\t\t\t\t<\/div>\n\t\t<\/section>\n\t\t\t\t\t<\/div>\n\t\t<\/div>\n\t\t\t\t\t<\/div>\n\t\t<\/section>\n\t\t\t\t<\/div>\n\t\t","protected":false},"excerpt":{"rendered":"<p>Redes e Infraestructura Conectividad S\u00f3lida M\u00e1s Informaci\u00f3n Adamcol ajusta sus requerimientos de proyecci\u00f3n. Redes LAN Infraestructura confiable y de alta velocidad para conectar dispositivos en entornos empresariales o dom\u00e9sticos con m\u00e1xima eficiencia. WiFi y Radioenlaces Tecnolog\u00eda inal\u00e1mbrica avanzada para conexiones estables y de largo alcance, ideal para empresas, hogares y zonas remotas. Home Office Soluciones [&hellip;]<\/p>\n","protected":false},"author":1,"featured_media":0,"parent":0,"menu_order":0,"comment_status":"closed","ping_status":"closed","template":"","meta":{"site-sidebar-layout":"no-sidebar","site-content-layout":"page-builder","ast-site-content-layout":"full-width-container","site-content-style":"unboxed","site-sidebar-style":"unboxed","ast-global-header-display":"","ast-banner-title-visibility":"","ast-main-header-display":"","ast-hfb-above-header-display":"","ast-hfb-below-header-display":"","ast-hfb-mobile-header-display":"","site-post-title":"disabled","ast-breadcrumbs-content":"","ast-featured-img":"disabled","footer-sml-layout":"","ast-disable-related-posts":"","theme-transparent-header-meta":"","adv-header-id-meta":"","stick-header-meta":"","header-above-stick-meta":"","header-main-stick-meta":"","header-below-stick-meta":"","astra-migrate-meta-layouts":"set","ast-page-background-enabled":"default","ast-page-background-meta":{"desktop":{"background-color":"","background-image":"","background-repeat":"repeat","background-position":"center center","background-size":"auto","background-attachment":"scroll","background-type":"","background-media":"","overlay-type":"","overlay-color":"","overlay-opacity":"","overlay-gradient":""},"tablet":{"background-color":"","background-image":"","background-repeat":"repeat","background-position":"center center","background-size":"auto","background-attachment":"scroll","background-type":"","background-media":"","overlay-type":"","overlay-color":"","overlay-opacity":"","overlay-gradient":""},"mobile":{"background-color":"","background-image":"","background-repeat":"repeat","background-position":"center center","background-size":"auto","background-attachment":"scroll","background-type":"","background-media":"","overlay-type":"","overlay-color":"","overlay-opacity":"","overlay-gradient":""}},"ast-content-background-meta":{"desktop":{"background-color":"var(--ast-global-color-5)","background-image":"","background-repeat":"repeat","background-position":"center center","background-size":"auto","background-attachment":"scroll","background-type":"","background-media":"","overlay-type":"","overlay-color":"","overlay-opacity":"","overlay-gradient":""},"tablet":{"background-color":"var(--ast-global-color-5)","background-image":"","background-repeat":"repeat","background-position":"center center","background-size":"auto","background-attachment":"scroll","background-type":"","background-media":"","overlay-type":"","overlay-color":"","overlay-opacity":"","overlay-gradient":""},"mobile":{"background-color":"var(--ast-global-color-5)","background-image":"","background-repeat":"repeat","background-position":"center center","background-size":"auto","background-attachment":"scroll","background-type":"","background-media":"","overlay-type":"","overlay-color":"","overlay-opacity":"","overlay-gradient":""}},"footnotes":""},"class_list":["post-27420","page","type-page","status-publish","hentry"],"yoast_head":"<!-- This site is optimized with the Yoast SEO plugin v27.4 - https:\/\/yoast.com\/product\/yoast-seo-wordpress\/ -->\n<title>landing-Redes-y-servidores - Adamcol SAS<\/title>\n<meta name=\"robots\" content=\"index, follow, max-snippet:-1, max-image-preview:large, max-video-preview:-1\" \/>\n<link rel=\"canonical\" href=\"https:\/\/adamcol.co\/web\/?page_id=27420\" \/>\n<meta property=\"og:locale\" content=\"es_ES\" \/>\n<meta property=\"og:type\" content=\"article\" \/>\n<meta property=\"og:title\" content=\"landing-Redes-y-servidores - Adamcol SAS\" \/>\n<meta property=\"og:description\" content=\"Redes e Infraestructura Conectividad S\u00f3lida M\u00e1s Informaci\u00f3n Adamcol ajusta sus requerimientos de proyecci\u00f3n. Redes LAN Infraestructura confiable y de alta velocidad para conectar dispositivos en entornos empresariales o dom\u00e9sticos con m\u00e1xima eficiencia. WiFi y Radioenlaces Tecnolog\u00eda inal\u00e1mbrica avanzada para conexiones estables y de largo alcance, ideal para empresas, hogares y zonas remotas. Home Office Soluciones [&hellip;]\" \/>\n<meta property=\"og:url\" content=\"https:\/\/adamcol.co\/web\/?page_id=27420\" \/>\n<meta property=\"og:site_name\" content=\"Adamcol SAS\" \/>\n<meta property=\"article:publisher\" content=\"https:\/\/web.facebook.com\/people\/Adamcol-SAS\/100094577867766\/\" \/>\n<meta property=\"article:modified_time\" content=\"2025-02-04T00:01:48+00:00\" \/>\n<meta property=\"og:image\" content=\"https:\/\/adamcol.co\/web\/wp-content\/uploads\/2025\/01\/young-man-in-uniform-works-with-internet-equipment-and-wires-in-server-room.jpg\" \/>\n\t<meta property=\"og:image:width\" content=\"2000\" \/>\n\t<meta property=\"og:image:height\" content=\"1335\" \/>\n\t<meta property=\"og:image:type\" content=\"image\/jpeg\" \/>\n<meta name=\"twitter:card\" content=\"summary_large_image\" \/>\n<meta name=\"twitter:label1\" content=\"Tiempo de lectura\" \/>\n\t<meta name=\"twitter:data1\" content=\"1 minuto\" \/>\n<script type=\"application\/ld+json\" class=\"yoast-schema-graph\">{\"@context\":\"https:\\\/\\\/schema.org\",\"@graph\":[{\"@type\":\"WebPage\",\"@id\":\"https:\\\/\\\/adamcol.co\\\/web\\\/?page_id=27420\",\"url\":\"https:\\\/\\\/adamcol.co\\\/web\\\/?page_id=27420\",\"name\":\"landing-Redes-y-servidores - Adamcol SAS\",\"isPartOf\":{\"@id\":\"https:\\\/\\\/adamcol.co\\\/web\\\/#website\"},\"primaryImageOfPage\":{\"@id\":\"https:\\\/\\\/adamcol.co\\\/web\\\/?page_id=27420#primaryimage\"},\"image\":{\"@id\":\"https:\\\/\\\/adamcol.co\\\/web\\\/?page_id=27420#primaryimage\"},\"thumbnailUrl\":\"https:\\\/\\\/adamcol.co\\\/web\\\/wp-content\\\/uploads\\\/2025\\\/01\\\/young-man-in-uniform-works-with-internet-equipment-and-wires-in-server-room.jpg\",\"datePublished\":\"2023-08-24T05:32:49+00:00\",\"dateModified\":\"2025-02-04T00:01:48+00:00\",\"breadcrumb\":{\"@id\":\"https:\\\/\\\/adamcol.co\\\/web\\\/?page_id=27420#breadcrumb\"},\"inLanguage\":\"es\",\"potentialAction\":[{\"@type\":\"ReadAction\",\"target\":[\"https:\\\/\\\/adamcol.co\\\/web\\\/?page_id=27420\"]}]},{\"@type\":\"ImageObject\",\"inLanguage\":\"es\",\"@id\":\"https:\\\/\\\/adamcol.co\\\/web\\\/?page_id=27420#primaryimage\",\"url\":\"https:\\\/\\\/adamcol.co\\\/web\\\/wp-content\\\/uploads\\\/2025\\\/01\\\/young-man-in-uniform-works-with-internet-equipment-and-wires-in-server-room.jpg\",\"contentUrl\":\"https:\\\/\\\/adamcol.co\\\/web\\\/wp-content\\\/uploads\\\/2025\\\/01\\\/young-man-in-uniform-works-with-internet-equipment-and-wires-in-server-room.jpg\",\"width\":2000,\"height\":1335,\"caption\":\"Young man in uniform works with internet equipment and wires in server room\"},{\"@type\":\"BreadcrumbList\",\"@id\":\"https:\\\/\\\/adamcol.co\\\/web\\\/?page_id=27420#breadcrumb\",\"itemListElement\":[{\"@type\":\"ListItem\",\"position\":1,\"name\":\"Portada\",\"item\":\"https:\\\/\\\/adamcol.co\\\/web\\\/\"},{\"@type\":\"ListItem\",\"position\":2,\"name\":\"landing-Redes-y-servidores\"}]},{\"@type\":\"WebSite\",\"@id\":\"https:\\\/\\\/adamcol.co\\\/web\\\/#website\",\"url\":\"https:\\\/\\\/adamcol.co\\\/web\\\/\",\"name\":\"Adamcol SAS\",\"description\":\"Tecnologia para todos\",\"publisher\":{\"@id\":\"https:\\\/\\\/adamcol.co\\\/web\\\/#organization\"},\"potentialAction\":[{\"@type\":\"SearchAction\",\"target\":{\"@type\":\"EntryPoint\",\"urlTemplate\":\"https:\\\/\\\/adamcol.co\\\/web\\\/?s={search_term_string}\"},\"query-input\":{\"@type\":\"PropertyValueSpecification\",\"valueRequired\":true,\"valueName\":\"search_term_string\"}}],\"inLanguage\":\"es\"},{\"@type\":\"Organization\",\"@id\":\"https:\\\/\\\/adamcol.co\\\/web\\\/#organization\",\"name\":\"Adamcol SAS\",\"url\":\"https:\\\/\\\/adamcol.co\\\/web\\\/\",\"logo\":{\"@type\":\"ImageObject\",\"inLanguage\":\"es\",\"@id\":\"https:\\\/\\\/adamcol.co\\\/web\\\/#\\\/schema\\\/logo\\\/image\\\/\",\"url\":\"https:\\\/\\\/adamcol.co\\\/web\\\/wp-content\\\/uploads\\\/2025\\\/01\\\/Diseno-sin-titulo-4.webp\",\"contentUrl\":\"https:\\\/\\\/adamcol.co\\\/web\\\/wp-content\\\/uploads\\\/2025\\\/01\\\/Diseno-sin-titulo-4.webp\",\"width\":350,\"height\":170,\"caption\":\"Adamcol SAS\"},\"image\":{\"@id\":\"https:\\\/\\\/adamcol.co\\\/web\\\/#\\\/schema\\\/logo\\\/image\\\/\"},\"sameAs\":[\"https:\\\/\\\/web.facebook.com\\\/people\\\/Adamcol-SAS\\\/100094577867766\\\/\",\"https:\\\/\\\/www.instagram.com\\\/adamcolsas\\\/\"]}]}<\/script>\n<!-- \/ Yoast SEO plugin. -->","yoast_head_json":{"title":"landing-Redes-y-servidores - Adamcol SAS","robots":{"index":"index","follow":"follow","max-snippet":"max-snippet:-1","max-image-preview":"max-image-preview:large","max-video-preview":"max-video-preview:-1"},"canonical":"https:\/\/adamcol.co\/web\/?page_id=27420","og_locale":"es_ES","og_type":"article","og_title":"landing-Redes-y-servidores - Adamcol SAS","og_description":"Redes e Infraestructura Conectividad S\u00f3lida M\u00e1s Informaci\u00f3n Adamcol ajusta sus requerimientos de proyecci\u00f3n. Redes LAN Infraestructura confiable y de alta velocidad para conectar dispositivos en entornos empresariales o dom\u00e9sticos con m\u00e1xima eficiencia. WiFi y Radioenlaces Tecnolog\u00eda inal\u00e1mbrica avanzada para conexiones estables y de largo alcance, ideal para empresas, hogares y zonas remotas. Home Office Soluciones [&hellip;]","og_url":"https:\/\/adamcol.co\/web\/?page_id=27420","og_site_name":"Adamcol SAS","article_publisher":"https:\/\/web.facebook.com\/people\/Adamcol-SAS\/100094577867766\/","article_modified_time":"2025-02-04T00:01:48+00:00","og_image":[{"width":2000,"height":1335,"url":"https:\/\/adamcol.co\/web\/wp-content\/uploads\/2025\/01\/young-man-in-uniform-works-with-internet-equipment-and-wires-in-server-room.jpg","type":"image\/jpeg"}],"twitter_card":"summary_large_image","twitter_misc":{"Tiempo de lectura":"1 minuto"},"schema":{"@context":"https:\/\/schema.org","@graph":[{"@type":"WebPage","@id":"https:\/\/adamcol.co\/web\/?page_id=27420","url":"https:\/\/adamcol.co\/web\/?page_id=27420","name":"landing-Redes-y-servidores - Adamcol SAS","isPartOf":{"@id":"https:\/\/adamcol.co\/web\/#website"},"primaryImageOfPage":{"@id":"https:\/\/adamcol.co\/web\/?page_id=27420#primaryimage"},"image":{"@id":"https:\/\/adamcol.co\/web\/?page_id=27420#primaryimage"},"thumbnailUrl":"https:\/\/adamcol.co\/web\/wp-content\/uploads\/2025\/01\/young-man-in-uniform-works-with-internet-equipment-and-wires-in-server-room.jpg","datePublished":"2023-08-24T05:32:49+00:00","dateModified":"2025-02-04T00:01:48+00:00","breadcrumb":{"@id":"https:\/\/adamcol.co\/web\/?page_id=27420#breadcrumb"},"inLanguage":"es","potentialAction":[{"@type":"ReadAction","target":["https:\/\/adamcol.co\/web\/?page_id=27420"]}]},{"@type":"ImageObject","inLanguage":"es","@id":"https:\/\/adamcol.co\/web\/?page_id=27420#primaryimage","url":"https:\/\/adamcol.co\/web\/wp-content\/uploads\/2025\/01\/young-man-in-uniform-works-with-internet-equipment-and-wires-in-server-room.jpg","contentUrl":"https:\/\/adamcol.co\/web\/wp-content\/uploads\/2025\/01\/young-man-in-uniform-works-with-internet-equipment-and-wires-in-server-room.jpg","width":2000,"height":1335,"caption":"Young man in uniform works with internet equipment and wires in server room"},{"@type":"BreadcrumbList","@id":"https:\/\/adamcol.co\/web\/?page_id=27420#breadcrumb","itemListElement":[{"@type":"ListItem","position":1,"name":"Portada","item":"https:\/\/adamcol.co\/web\/"},{"@type":"ListItem","position":2,"name":"landing-Redes-y-servidores"}]},{"@type":"WebSite","@id":"https:\/\/adamcol.co\/web\/#website","url":"https:\/\/adamcol.co\/web\/","name":"Adamcol SAS","description":"Tecnologia para todos","publisher":{"@id":"https:\/\/adamcol.co\/web\/#organization"},"potentialAction":[{"@type":"SearchAction","target":{"@type":"EntryPoint","urlTemplate":"https:\/\/adamcol.co\/web\/?s={search_term_string}"},"query-input":{"@type":"PropertyValueSpecification","valueRequired":true,"valueName":"search_term_string"}}],"inLanguage":"es"},{"@type":"Organization","@id":"https:\/\/adamcol.co\/web\/#organization","name":"Adamcol SAS","url":"https:\/\/adamcol.co\/web\/","logo":{"@type":"ImageObject","inLanguage":"es","@id":"https:\/\/adamcol.co\/web\/#\/schema\/logo\/image\/","url":"https:\/\/adamcol.co\/web\/wp-content\/uploads\/2025\/01\/Diseno-sin-titulo-4.webp","contentUrl":"https:\/\/adamcol.co\/web\/wp-content\/uploads\/2025\/01\/Diseno-sin-titulo-4.webp","width":350,"height":170,"caption":"Adamcol SAS"},"image":{"@id":"https:\/\/adamcol.co\/web\/#\/schema\/logo\/image\/"},"sameAs":["https:\/\/web.facebook.com\/people\/Adamcol-SAS\/100094577867766\/","https:\/\/www.instagram.com\/adamcolsas\/"]}]}},"_links":{"self":[{"href":"https:\/\/adamcol.co\/web\/index.php?rest_route=\/wp\/v2\/pages\/27420","targetHints":{"allow":["GET"]}}],"collection":[{"href":"https:\/\/adamcol.co\/web\/index.php?rest_route=\/wp\/v2\/pages"}],"about":[{"href":"https:\/\/adamcol.co\/web\/index.php?rest_route=\/wp\/v2\/types\/page"}],"author":[{"embeddable":true,"href":"https:\/\/adamcol.co\/web\/index.php?rest_route=\/wp\/v2\/users\/1"}],"replies":[{"embeddable":true,"href":"https:\/\/adamcol.co\/web\/index.php?rest_route=%2Fwp%2Fv2%2Fcomments&post=27420"}],"version-history":[{"count":40,"href":"https:\/\/adamcol.co\/web\/index.php?rest_route=\/wp\/v2\/pages\/27420\/revisions"}],"predecessor-version":[{"id":29034,"href":"https:\/\/adamcol.co\/web\/index.php?rest_route=\/wp\/v2\/pages\/27420\/revisions\/29034"}],"wp:attachment":[{"href":"https:\/\/adamcol.co\/web\/index.php?rest_route=%2Fwp%2Fv2%2Fmedia&parent=27420"}],"curies":[{"name":"wp","href":"https:\/\/api.w.org\/{rel}","templated":true}]}}