{"id":26176,"date":"2023-04-15T12:18:23","date_gmt":"2023-04-15T17:18:23","guid":{"rendered":"https:\/\/adamcol.co\/web\/?page_id=26176"},"modified":"2023-04-15T12:18:23","modified_gmt":"2023-04-15T17:18:23","slug":"password-reset","status":"publish","type":"page","link":"https:\/\/adamcol.co\/web\/?page_id=26176","title":{"rendered":"Restablecer la contrase\u00f1a"},"content":{"rendered":"<div class=\"um um-password um-um_password_id\">\n\t<div class=\"um-form\">\n\t\t<form method=\"post\" action=\"\">\n\t\t\t\n\t\t\t\t<input type=\"hidden\" name=\"_um_password_reset\" id=\"_um_password_reset\" value=\"1\" \/>\n\n\t\t\t\t\t\t\t\t\t<div class=\"um-field um-field-block um-field-type_block\">\n\t\t\t\t\t\t<div class=\"um-field-block\">\n\t\t\t\t\t\t\t<div style=\"text-align:center;\">\n\t\t\t\t\t\t\t\tPara restablecer tu contrase\u00f1a, por favor, introduce a continuaci\u00f3n tu direcci\u00f3n de correo electr\u00f3nico o nombre de usuario.\t\t\t\t\t\t\t<\/div>\n\t\t\t\t\t\t<\/div>\n\t\t\t\t\t<\/div>\n\t\t\t\t\t<div  id=\"um_field_0_username_b\" class=\"um-field um-field-text  um-field-username_b um-field-text um-field-type_text\" data-key=\"username_b\"><div class=\"um-field-area\"><input  autocomplete=\"off\" class=\"um-form-field valid \" type=\"text\" name=\"username_b\" id=\"username_b\" value=\"\" placeholder=\"Introduce tu nombre de usuario o correo electr\u00f3nico\" data-validate=\"\" data-key=\"username_b\"  aria-invalid=\"false\" \/>\n\n\t\t\t\t\t\t<\/div><\/div>\t\t\t\t<div class=\"um-col-alt um-col-alt-b\">\n\t\t\t\t\t<div class=\"um-center\">\n\t\t\t\t\t\t<input type=\"submit\" value=\"Restablecer contrase\u00f1a\" class=\"um-button\" id=\"um-submit-btn\" \/>\n\t\t\t\t\t<\/div>\n\t\t\t\t\t<div class=\"um-clear\"><\/div>\n\t\t\t\t<\/div>\n\t\t\t\t\t<input type=\"hidden\" name=\"form_id\" id=\"form_id_um_password_id\" value=\"um_password_id\" \/>\n\t\t<p class=\"um_request_name\">\n\t\t<label for=\"um_request_um_password_id\">Only fill in if you are not human<\/label>\n\t\t<input type=\"hidden\" name=\"um_request\" id=\"um_request_um_password_id\" class=\"input\" value=\"\" size=\"25\" autocomplete=\"off\" \/>\n\t<\/p>\n\t\t\t<\/form>\n\t<\/div>\n<\/div>\n<style>\n\t\t\t.um-um_password_id.um {\n\t\t\tmax-width: 450px;\n\t\t}\n\t\t<\/style>\n\n","protected":false},"excerpt":{"rendered":"","protected":false},"author":1,"featured_media":0,"parent":0,"menu_order":0,"comment_status":"closed","ping_status":"closed","template":"","meta":{"site-sidebar-layout":"default","site-content-layout":"","ast-site-content-layout":"default","site-content-style":"default","site-sidebar-style":"default","ast-global-header-display":"","ast-banner-title-visibility":"","ast-main-header-display":"","ast-hfb-above-header-display":"","ast-hfb-below-header-display":"","ast-hfb-mobile-header-display":"","site-post-title":"","ast-breadcrumbs-content":"","ast-featured-img":"","footer-sml-layout":"","ast-disable-related-posts":"","theme-transparent-header-meta":"","adv-header-id-meta":"","stick-header-meta":"","header-above-stick-meta":"","header-main-stick-meta":"","header-below-stick-meta":"","astra-migrate-meta-layouts":"default","ast-page-background-enabled":"default","ast-page-background-meta":{"desktop":{"background-color":"","background-image":"","background-repeat":"repeat","background-position":"center center","background-size":"auto","background-attachment":"scroll","background-type":"","background-media":"","overlay-type":"","overlay-color":"","overlay-opacity":"","overlay-gradient":""},"tablet":{"background-color":"","background-image":"","background-repeat":"repeat","background-position":"center center","background-size":"auto","background-attachment":"scroll","background-type":"","background-media":"","overlay-type":"","overlay-color":"","overlay-opacity":"","overlay-gradient":""},"mobile":{"background-color":"","background-image":"","background-repeat":"repeat","background-position":"center center","background-size":"auto","background-attachment":"scroll","background-type":"","background-media":"","overlay-type":"","overlay-color":"","overlay-opacity":"","overlay-gradient":""}},"ast-content-background-meta":{"desktop":{"background-color":"var(--ast-global-color-5)","background-image":"","background-repeat":"repeat","background-position":"center center","background-size":"auto","background-attachment":"scroll","background-type":"","background-media":"","overlay-type":"","overlay-color":"","overlay-opacity":"","overlay-gradient":""},"tablet":{"background-color":"var(--ast-global-color-5)","background-image":"","background-repeat":"repeat","background-position":"center center","background-size":"auto","background-attachment":"scroll","background-type":"","background-media":"","overlay-type":"","overlay-color":"","overlay-opacity":"","overlay-gradient":""},"mobile":{"background-color":"var(--ast-global-color-5)","background-image":"","background-repeat":"repeat","background-position":"center center","background-size":"auto","background-attachment":"scroll","background-type":"","background-media":"","overlay-type":"","overlay-color":"","overlay-opacity":"","overlay-gradient":""}},"footnotes":""},"class_list":["post-26176","page","type-page","status-publish","hentry"],"yoast_head":"<!-- This site is optimized with the Yoast SEO plugin v27.4 - https:\/\/yoast.com\/product\/yoast-seo-wordpress\/ -->\n<title>Restablecer la contrase\u00f1a - Adamcol SAS<\/title>\n<meta name=\"robots\" content=\"index, follow, max-snippet:-1, max-image-preview:large, max-video-preview:-1\" \/>\n<link rel=\"canonical\" href=\"https:\/\/adamcol.co\/web\/?page_id=26176\" \/>\n<meta property=\"og:locale\" content=\"es_ES\" \/>\n<meta property=\"og:type\" content=\"article\" \/>\n<meta property=\"og:title\" content=\"Restablecer la contrase\u00f1a - Adamcol SAS\" \/>\n<meta property=\"og:url\" content=\"https:\/\/adamcol.co\/web\/?page_id=26176\" \/>\n<meta property=\"og:site_name\" content=\"Adamcol SAS\" \/>\n<meta property=\"article:publisher\" content=\"https:\/\/web.facebook.com\/people\/Adamcol-SAS\/100094577867766\/\" \/>\n<meta property=\"og:image\" content=\"https:\/\/adamcol.co\/web\/wp-content\/uploads\/2023\/08\/hacking-cyber-security-4154618.jpg\" \/>\n\t<meta property=\"og:image:width\" content=\"1280\" \/>\n\t<meta property=\"og:image:height\" content=\"825\" \/>\n\t<meta property=\"og:image:type\" content=\"image\/jpeg\" \/>\n<meta name=\"twitter:card\" content=\"summary_large_image\" \/>\n<script type=\"application\/ld+json\" class=\"yoast-schema-graph\">{\"@context\":\"https:\\\/\\\/schema.org\",\"@graph\":[{\"@type\":\"WebPage\",\"@id\":\"https:\\\/\\\/adamcol.co\\\/web\\\/?page_id=26176\",\"url\":\"https:\\\/\\\/adamcol.co\\\/web\\\/?page_id=26176\",\"name\":\"Restablecer la contrase\u00f1a - Adamcol SAS\",\"isPartOf\":{\"@id\":\"https:\\\/\\\/adamcol.co\\\/web\\\/#website\"},\"datePublished\":\"2023-04-15T17:18:23+00:00\",\"breadcrumb\":{\"@id\":\"https:\\\/\\\/adamcol.co\\\/web\\\/?page_id=26176#breadcrumb\"},\"inLanguage\":\"es\",\"potentialAction\":[{\"@type\":\"ReadAction\",\"target\":[\"https:\\\/\\\/adamcol.co\\\/web\\\/?page_id=26176\"]}]},{\"@type\":\"BreadcrumbList\",\"@id\":\"https:\\\/\\\/adamcol.co\\\/web\\\/?page_id=26176#breadcrumb\",\"itemListElement\":[{\"@type\":\"ListItem\",\"position\":1,\"name\":\"Portada\",\"item\":\"https:\\\/\\\/adamcol.co\\\/web\\\/\"},{\"@type\":\"ListItem\",\"position\":2,\"name\":\"Restablecer la contrase\u00f1a\"}]},{\"@type\":\"WebSite\",\"@id\":\"https:\\\/\\\/adamcol.co\\\/web\\\/#website\",\"url\":\"https:\\\/\\\/adamcol.co\\\/web\\\/\",\"name\":\"Adamcol SAS\",\"description\":\"Tecnologia para todos\",\"publisher\":{\"@id\":\"https:\\\/\\\/adamcol.co\\\/web\\\/#organization\"},\"potentialAction\":[{\"@type\":\"SearchAction\",\"target\":{\"@type\":\"EntryPoint\",\"urlTemplate\":\"https:\\\/\\\/adamcol.co\\\/web\\\/?s={search_term_string}\"},\"query-input\":{\"@type\":\"PropertyValueSpecification\",\"valueRequired\":true,\"valueName\":\"search_term_string\"}}],\"inLanguage\":\"es\"},{\"@type\":\"Organization\",\"@id\":\"https:\\\/\\\/adamcol.co\\\/web\\\/#organization\",\"name\":\"Adamcol SAS\",\"url\":\"https:\\\/\\\/adamcol.co\\\/web\\\/\",\"logo\":{\"@type\":\"ImageObject\",\"inLanguage\":\"es\",\"@id\":\"https:\\\/\\\/adamcol.co\\\/web\\\/#\\\/schema\\\/logo\\\/image\\\/\",\"url\":\"https:\\\/\\\/adamcol.co\\\/web\\\/wp-content\\\/uploads\\\/2025\\\/01\\\/Diseno-sin-titulo-4.webp\",\"contentUrl\":\"https:\\\/\\\/adamcol.co\\\/web\\\/wp-content\\\/uploads\\\/2025\\\/01\\\/Diseno-sin-titulo-4.webp\",\"width\":350,\"height\":170,\"caption\":\"Adamcol SAS\"},\"image\":{\"@id\":\"https:\\\/\\\/adamcol.co\\\/web\\\/#\\\/schema\\\/logo\\\/image\\\/\"},\"sameAs\":[\"https:\\\/\\\/web.facebook.com\\\/people\\\/Adamcol-SAS\\\/100094577867766\\\/\",\"https:\\\/\\\/www.instagram.com\\\/adamcolsas\\\/\"]}]}<\/script>\n<!-- \/ Yoast SEO plugin. -->","yoast_head_json":{"title":"Restablecer la contrase\u00f1a - Adamcol SAS","robots":{"index":"index","follow":"follow","max-snippet":"max-snippet:-1","max-image-preview":"max-image-preview:large","max-video-preview":"max-video-preview:-1"},"canonical":"https:\/\/adamcol.co\/web\/?page_id=26176","og_locale":"es_ES","og_type":"article","og_title":"Restablecer la contrase\u00f1a - Adamcol SAS","og_url":"https:\/\/adamcol.co\/web\/?page_id=26176","og_site_name":"Adamcol SAS","article_publisher":"https:\/\/web.facebook.com\/people\/Adamcol-SAS\/100094577867766\/","og_image":[{"width":1280,"height":825,"url":"https:\/\/adamcol.co\/web\/wp-content\/uploads\/2023\/08\/hacking-cyber-security-4154618.jpg","type":"image\/jpeg"}],"twitter_card":"summary_large_image","schema":{"@context":"https:\/\/schema.org","@graph":[{"@type":"WebPage","@id":"https:\/\/adamcol.co\/web\/?page_id=26176","url":"https:\/\/adamcol.co\/web\/?page_id=26176","name":"Restablecer la contrase\u00f1a - Adamcol SAS","isPartOf":{"@id":"https:\/\/adamcol.co\/web\/#website"},"datePublished":"2023-04-15T17:18:23+00:00","breadcrumb":{"@id":"https:\/\/adamcol.co\/web\/?page_id=26176#breadcrumb"},"inLanguage":"es","potentialAction":[{"@type":"ReadAction","target":["https:\/\/adamcol.co\/web\/?page_id=26176"]}]},{"@type":"BreadcrumbList","@id":"https:\/\/adamcol.co\/web\/?page_id=26176#breadcrumb","itemListElement":[{"@type":"ListItem","position":1,"name":"Portada","item":"https:\/\/adamcol.co\/web\/"},{"@type":"ListItem","position":2,"name":"Restablecer la contrase\u00f1a"}]},{"@type":"WebSite","@id":"https:\/\/adamcol.co\/web\/#website","url":"https:\/\/adamcol.co\/web\/","name":"Adamcol SAS","description":"Tecnologia para todos","publisher":{"@id":"https:\/\/adamcol.co\/web\/#organization"},"potentialAction":[{"@type":"SearchAction","target":{"@type":"EntryPoint","urlTemplate":"https:\/\/adamcol.co\/web\/?s={search_term_string}"},"query-input":{"@type":"PropertyValueSpecification","valueRequired":true,"valueName":"search_term_string"}}],"inLanguage":"es"},{"@type":"Organization","@id":"https:\/\/adamcol.co\/web\/#organization","name":"Adamcol SAS","url":"https:\/\/adamcol.co\/web\/","logo":{"@type":"ImageObject","inLanguage":"es","@id":"https:\/\/adamcol.co\/web\/#\/schema\/logo\/image\/","url":"https:\/\/adamcol.co\/web\/wp-content\/uploads\/2025\/01\/Diseno-sin-titulo-4.webp","contentUrl":"https:\/\/adamcol.co\/web\/wp-content\/uploads\/2025\/01\/Diseno-sin-titulo-4.webp","width":350,"height":170,"caption":"Adamcol SAS"},"image":{"@id":"https:\/\/adamcol.co\/web\/#\/schema\/logo\/image\/"},"sameAs":["https:\/\/web.facebook.com\/people\/Adamcol-SAS\/100094577867766\/","https:\/\/www.instagram.com\/adamcolsas\/"]}]}},"_links":{"self":[{"href":"https:\/\/adamcol.co\/web\/index.php?rest_route=\/wp\/v2\/pages\/26176","targetHints":{"allow":["GET"]}}],"collection":[{"href":"https:\/\/adamcol.co\/web\/index.php?rest_route=\/wp\/v2\/pages"}],"about":[{"href":"https:\/\/adamcol.co\/web\/index.php?rest_route=\/wp\/v2\/types\/page"}],"author":[{"embeddable":true,"href":"https:\/\/adamcol.co\/web\/index.php?rest_route=\/wp\/v2\/users\/1"}],"replies":[{"embeddable":true,"href":"https:\/\/adamcol.co\/web\/index.php?rest_route=%2Fwp%2Fv2%2Fcomments&post=26176"}],"version-history":[{"count":0,"href":"https:\/\/adamcol.co\/web\/index.php?rest_route=\/wp\/v2\/pages\/26176\/revisions"}],"wp:attachment":[{"href":"https:\/\/adamcol.co\/web\/index.php?rest_route=%2Fwp%2Fv2%2Fmedia&parent=26176"}],"curies":[{"name":"wp","href":"https:\/\/api.w.org\/{rel}","templated":true}]}}